{"id":66,"date":"2022-07-08T16:50:33","date_gmt":"2022-07-08T14:50:33","guid":{"rendered":"https:\/\/dropshipabidjan.com\/?post_type=product&#038;p=66"},"modified":"2024-07-07T10:18:50","modified_gmt":"2024-07-07T08:18:50","slug":"calcium-longrich","status":"publish","type":"product","link":"https:\/\/dropshipabidjan.com\/index.php\/product\/calcium-longrich\/","title":{"rendered":"Compl\u00e9ment alimentaire Calcium 100 comprim\u00e9s"},"content":{"rendered":"<p>Le calcium de Longrich est compos\u00e9 de calcium, et de zinc, de fer et de magn\u00e9sium, trois \u00e9l\u00e9ments indispensables dans le m\u00e9tabolisme organique. Cet aliment peut compl\u00e9ter le manque de calcium dans votre corps.<\/p>\n<p>Que vous apporte r\u00e9ellement le Calcium de Longrich ?<\/p>\n<ul>\n<li>Le Calcium vous procure de l\u2019\u00e9nergie et des briques aux cellules leur permettant ainsi de produire d\u2019autres mol\u00e9cules.<\/li>\n<li>Traite aussi les courbatures telles que l\u2019arthrose.<\/li>\n<li>Id\u00e9al pour les personnes qui ont l\u2019an\u00e9mie et l\u2019insomnie<\/li>\n<li>Repr\u00e9sente une source importante de vitamines et de nutriments.<\/li>\n<li>Constitue une protection contre les toxines environnementales parce qu\u2019il a des propri\u00e9t\u00e9s antioxydantes.<\/li>\n<li>Vous prot\u00e8ge contre la d\u00e9cadence et les trous dans les dents, renforce les dents.<\/li>\n<li>Vous aide \u00e0 renforcer les os chez les adultes et lutte contre l\u2019ost\u00e9oporose.<\/li>\n<li>Contient des prot\u00e9ines qui aident \u00e0 reconstituer voss muscles.<\/li>\n<li>Vous aide \u00e0 att\u00e9nuer les douleurs tout en rempla\u00e7ant les fluides perdus durant le travail.<\/li>\n<li>R\u00e9duit les sympt\u00f4mes des PMS et stimule l\u2019\u00e9nergie.<\/li>\n<li>Diminue votre pression sanguine et les risques cardiaques.<\/li>\n<li>Am\u00e9liore votre vue.<\/li>\n<li>Peut agir comme antiacide.<\/li>\n<li>Vous aide \u00e0 r\u00e9duire les risques de cancer.<\/li>\n<li>Convenable pour ceux qui manquent de calcium.<\/li>\n<li>Il peut \u00eatre utilis\u00e9 par les femmes durant les menstrues pour remplacer la perte de calcium<\/li>\n<\/ul>\n","protected":false},"excerpt":{"rendered":"<p>Le calcium de Longrich est compos\u00e9 de calcium, et de zinc, de fer et de magn\u00e9sium, trois \u00e9l\u00e9ments indispensables dans le m\u00e9tabolisme organique. Cet aliment peut compl\u00e9ter le manque de calcium dans votre corps.<\/p>\n","protected":false},"featured_media":67,"comment_status":"open","ping_status":"closed","template":"","meta":{"_acf_changed":false,"om_disable_all_campaigns":false,"_mi_skip_tracking":false,"_monsterinsights_sitenote_active":false,"_monsterinsights_sitenote_note":"","_monsterinsights_sitenote_category":0},"product_cat":[20,28,19],"product_tag":[35,37,39,38,40,36],"acf":[],"aioseo_notices":[],"jetpack-related-posts":[{"id":106,"url":"https:\/\/dropshipabidjan.com\/index.php\/product\/clear-eyes-soulagement-des-rougeurs-lubrifiant-gouttes-pour-les-yeux-anti-rougeurs-15-ml\/","url_meta":{"origin":66,"position":0},"title":"Clear eyes Soulagement des rougeurs, Lubrifiant\/gouttes pour les yeux anti-rougeurs, 15\u00a0ml","author":"admin","date":"22 September 2022","format":false,"excerpt":"Description Jusqu'\u00e0 12\u00a0heures de confort apaisant De plus, soulage la s\u00e9cheresse, les br\u00fblures et les irritations St\u00e9rile Soulage les rougeurs Hydrate Apaise & Prot\u00e8ge Action rapide","rel":"","context":"Similar post","block_context":{"text":"Similar post","link":""},"img":{"alt_text":"","src":"https:\/\/i0.wp.com\/dropshipabidjan.com\/wp-content\/uploads\/2022\/09\/IMG_20220922_155513.jpg?fit=1007%2C1200&ssl=1&resize=350%2C200","width":350,"height":200,"srcset":"https:\/\/i0.wp.com\/dropshipabidjan.com\/wp-content\/uploads\/2022\/09\/IMG_20220922_155513.jpg?fit=1007%2C1200&ssl=1&resize=350%2C200 1x, https:\/\/i0.wp.com\/dropshipabidjan.com\/wp-content\/uploads\/2022\/09\/IMG_20220922_155513.jpg?fit=1007%2C1200&ssl=1&resize=700%2C400 2x"},"classes":[]},{"id":60,"url":"https:\/\/dropshipabidjan.com\/index.php\/product\/bain-de-bouche-473ml\/","url_meta":{"origin":66,"position":1},"title":"Bain de bouche 473ml","author":"admin","date":"4 July 2022","format":false,"excerpt":"Les art\u00e9misinines sont d\u00e9riv\u00e9es d\u2019extraits d\u2019armoise douce (Artemisia annua) et sont bien \u00e9tablies pour le traitement du MALARIA, y compris les souches hautement r\u00e9sistantes aux m\u00e9dicaments.","rel":"","context":"Similar post","block_context":{"text":"Similar post","link":""},"img":{"alt_text":"","src":"https:\/\/i0.wp.com\/dropshipabidjan.com\/wp-content\/uploads\/2022\/07\/2-Bain-de-Bouche-multi-action-a-lartemesia-473-ml-34PV-3800-4500.jpg?fit=600%2C600&ssl=1&resize=350%2C200","width":350,"height":200},"classes":[]},{"id":68,"url":"https:\/\/dropshipabidjan.com\/index.php\/product\/savon-noir-au-charbon-de-bambou\/","url_meta":{"origin":66,"position":2},"title":"Savon noir au charbon de bambou","author":"admin","date":"8 July 2022","format":false,"excerpt":"Profitez d\u2019une belle vie aujourd\u2019hui ! Utilisez l\u2019essence naturelle du savon de bambou pour une meilleure peau. Fait \u00e0 base de charbon de bambou raffin\u00e9, ce savon naturel absorbe la salet\u00e9 et \u00e9limine la graisse excessive de la peau.","rel":"","context":"Similar post","block_context":{"text":"Similar post","link":""},"img":{"alt_text":"","src":"https:\/\/i0.wp.com\/dropshipabidjan.com\/wp-content\/uploads\/2022\/07\/Savon-noir-naturel-charbon-de-bambou-100g-3-savons-dans-paquet.png?fit=512%2C512&ssl=1&resize=350%2C200","width":350,"height":200},"classes":[]},{"id":29,"url":"https:\/\/dropshipabidjan.com\/index.php\/product\/savon-antibacterien-rourrisant-artemisia\/","url_meta":{"origin":66,"position":3},"title":"Savon antibact\u00e9rien nourrissant \u00e0 l&#8217;Artemisia 100g","author":"admin","date":"4 July 2022","format":false,"excerpt":"Savon nourrissant antibact\u00e9rien \u00e0 l\u2019art\u00e9mesinine pour avoir une tr\u00e8s belle peau \u00e9clatante.","rel":"","context":"Similar post","block_context":{"text":"Similar post","link":""},"img":{"alt_text":"","src":"https:\/\/i0.wp.com\/dropshipabidjan.com\/wp-content\/uploads\/2022\/07\/1-Savon-antibacterien-noussant-a-base-dArtemesia-25PV-2600-3500.jpg?fit=600%2C600&ssl=1&resize=350%2C200","width":350,"height":200},"classes":[]},{"id":95,"url":"https:\/\/dropshipabidjan.com\/index.php\/product\/jouet-en-coton-pour-chiot\/","url_meta":{"origin":66,"position":4},"title":"Jouet en coton pour chiot","author":"admin","date":"12 September 2022","format":false,"excerpt":"Cet accessoire permet \u00e0 votre chiot de d\u00e9penser son \u00e9nergie et par cons\u00e9quent facilite son dressage et son agilit\u00e9.","rel":"","context":"Similar post","block_context":{"text":"Similar post","link":""},"img":{"alt_text":"","src":"https:\/\/i0.wp.com\/dropshipabidjan.com\/wp-content\/uploads\/2022\/09\/1660072457380.png?fit=640%2C640&ssl=1&resize=350%2C200","width":350,"height":200},"classes":[]},{"id":2455,"url":"https:\/\/dropshipabidjan.com\/index.php\/product\/ultra-wireless-s50-headphones-s50-with-bluetooth-sidebar\/","url_meta":{"origin":66,"position":5},"title":"Ultra Wireless S50 Headphones S50 with Bluetooth","author":"ezekfirst","date":"3 March 2016","format":false,"excerpt":"4.5 inch HD Touch Screen (1280 x 720) Android 4.4 KitKat OS 1.4 GHz Quad Core\u2122 Processor 20 MP front and 28 megapixel CMOS rear camera Lorem ipsum dolor sit amet, consectetur adipisicing elit, sed do eiusmod tempor incididunt. SKU: FW511948218","rel":"","context":"With 3 comments","block_context":{"text":"With 3 comments","link":"https:\/\/dropshipabidjan.com\/index.php\/product\/ultra-wireless-s50-headphones-s50-with-bluetooth-sidebar\/#comments"},"img":{"alt_text":"","src":"https:\/\/i0.wp.com\/dropshipabidjan.com\/wp-content\/uploads\/2018\/10\/electro-placeholder.png?fit=720%2C660&ssl=1&resize=350%2C200","width":350,"height":200,"srcset":"https:\/\/i0.wp.com\/dropshipabidjan.com\/wp-content\/uploads\/2018\/10\/electro-placeholder.png?fit=720%2C660&ssl=1&resize=350%2C200 1x, https:\/\/i0.wp.com\/dropshipabidjan.com\/wp-content\/uploads\/2018\/10\/electro-placeholder.png?fit=720%2C660&ssl=1&resize=700%2C400 2x"},"classes":[]}],"_links":{"self":[{"href":"https:\/\/dropshipabidjan.com\/index.php\/wp-json\/wp\/v2\/product\/66"}],"collection":[{"href":"https:\/\/dropshipabidjan.com\/index.php\/wp-json\/wp\/v2\/product"}],"about":[{"href":"https:\/\/dropshipabidjan.com\/index.php\/wp-json\/wp\/v2\/types\/product"}],"replies":[{"embeddable":true,"href":"https:\/\/dropshipabidjan.com\/index.php\/wp-json\/wp\/v2\/comments?post=66"}],"wp:featuredmedia":[{"embeddable":true,"href":"https:\/\/dropshipabidjan.com\/index.php\/wp-json\/wp\/v2\/media\/67"}],"wp:attachment":[{"href":"https:\/\/dropshipabidjan.com\/index.php\/wp-json\/wp\/v2\/media?parent=66"}],"wp:term":[{"taxonomy":"product_cat","embeddable":true,"href":"https:\/\/dropshipabidjan.com\/index.php\/wp-json\/wp\/v2\/product_cat?post=66"},{"taxonomy":"product_tag","embeddable":true,"href":"https:\/\/dropshipabidjan.com\/index.php\/wp-json\/wp\/v2\/product_tag?post=66"}],"curies":[{"name":"wp","href":"https:\/\/api.w.org\/{rel}","templated":true}]}}