{"id":60,"date":"2022-07-04T23:09:32","date_gmt":"2022-07-04T21:09:32","guid":{"rendered":"https:\/\/dropshipabidjan.com\/?post_type=product&#038;p=60"},"modified":"2023-04-02T19:44:01","modified_gmt":"2023-04-02T17:44:01","slug":"bain-de-bouche-473ml","status":"publish","type":"product","link":"https:\/\/dropshipabidjan.com\/index.php\/product\/bain-de-bouche-473ml\/","title":{"rendered":"Bain de bouche 473ml"},"content":{"rendered":"<p>Les art\u00e9misinines sont d\u00e9riv\u00e9es d\u2019extraits d\u2019armoise douce (Artemisia annua) et sont bien \u00e9tablies pour le traitement du MALARIA, y compris les souches hautement r\u00e9sistantes aux m\u00e9dicaments.Formul\u00e9 avec un complexe de protection dentaire pour am\u00e9liorer la sant\u00e9 buccale, a un go\u00fbt frais et agr\u00e9able, rafra\u00eechit l\u2019haleine<br \/>\nRenforce le syst\u00e8me immunitaire, combat les parasites responsables du paludisme et maintient l\u2019\u00e9cologie de la sant\u00e9 bucco-dentaire<\/p>\n","protected":false},"excerpt":{"rendered":"<p>Les art\u00e9misinines sont d\u00e9riv\u00e9es d\u2019extraits d\u2019armoise douce (Artemisia annua) et sont bien \u00e9tablies pour le traitement du MALARIA, y compris les souches hautement r\u00e9sistantes aux m\u00e9dicaments.<\/p>\n","protected":false},"featured_media":61,"comment_status":"open","ping_status":"closed","template":"","meta":{"_acf_changed":false,"om_disable_all_campaigns":false,"_mi_skip_tracking":false,"_monsterinsights_sitenote_active":false,"_monsterinsights_sitenote_note":"","_monsterinsights_sitenote_category":0},"product_cat":[15,28,19],"product_tag":[31,33,34],"acf":[],"aioseo_notices":[],"jetpack-related-posts":[{"id":29,"url":"https:\/\/dropshipabidjan.com\/index.php\/product\/savon-antibacterien-rourrisant-artemisia\/","url_meta":{"origin":60,"position":0},"title":"Savon antibact\u00e9rien nourrissant \u00e0 l&#8217;Artemisia 100g","author":"admin","date":"4 July 2022","format":false,"excerpt":"Savon nourrissant antibact\u00e9rien \u00e0 l\u2019art\u00e9mesinine pour avoir une tr\u00e8s belle peau \u00e9clatante.","rel":"","context":"Similar post","block_context":{"text":"Similar post","link":""},"img":{"alt_text":"","src":"https:\/\/i0.wp.com\/dropshipabidjan.com\/wp-content\/uploads\/2022\/07\/1-Savon-antibacterien-noussant-a-base-dArtemesia-25PV-2600-3500.jpg?fit=600%2C600&ssl=1&resize=350%2C200","width":350,"height":200},"classes":[]},{"id":68,"url":"https:\/\/dropshipabidjan.com\/index.php\/product\/savon-noir-au-charbon-de-bambou\/","url_meta":{"origin":60,"position":1},"title":"Savon noir au charbon de bambou","author":"admin","date":"8 July 2022","format":false,"excerpt":"Profitez d\u2019une belle vie aujourd\u2019hui ! Utilisez l\u2019essence naturelle du savon de bambou pour une meilleure peau. Fait \u00e0 base de charbon de bambou raffin\u00e9, ce savon naturel absorbe la salet\u00e9 et \u00e9limine la graisse excessive de la peau.","rel":"","context":"Similar post","block_context":{"text":"Similar post","link":""},"img":{"alt_text":"","src":"https:\/\/i0.wp.com\/dropshipabidjan.com\/wp-content\/uploads\/2022\/07\/Savon-noir-naturel-charbon-de-bambou-100g-3-savons-dans-paquet.png?fit=512%2C512&ssl=1&resize=350%2C200","width":350,"height":200},"classes":[]},{"id":106,"url":"https:\/\/dropshipabidjan.com\/index.php\/product\/clear-eyes-soulagement-des-rougeurs-lubrifiant-gouttes-pour-les-yeux-anti-rougeurs-15-ml\/","url_meta":{"origin":60,"position":2},"title":"Clear eyes Soulagement des rougeurs, Lubrifiant\/gouttes pour les yeux anti-rougeurs, 15\u00a0ml","author":"admin","date":"22 September 2022","format":false,"excerpt":"Description Jusqu'\u00e0 12\u00a0heures de confort apaisant De plus, soulage la s\u00e9cheresse, les br\u00fblures et les irritations St\u00e9rile Soulage les rougeurs Hydrate Apaise & Prot\u00e8ge Action rapide","rel":"","context":"Similar post","block_context":{"text":"Similar post","link":""},"img":{"alt_text":"","src":"https:\/\/i0.wp.com\/dropshipabidjan.com\/wp-content\/uploads\/2022\/09\/IMG_20220922_155513.jpg?fit=1007%2C1200&ssl=1&resize=350%2C200","width":350,"height":200,"srcset":"https:\/\/i0.wp.com\/dropshipabidjan.com\/wp-content\/uploads\/2022\/09\/IMG_20220922_155513.jpg?fit=1007%2C1200&ssl=1&resize=350%2C200 1x, https:\/\/i0.wp.com\/dropshipabidjan.com\/wp-content\/uploads\/2022\/09\/IMG_20220922_155513.jpg?fit=1007%2C1200&ssl=1&resize=700%2C400 2x"},"classes":[]},{"id":66,"url":"https:\/\/dropshipabidjan.com\/index.php\/product\/calcium-longrich\/","url_meta":{"origin":60,"position":3},"title":"Compl\u00e9ment alimentaire Calcium 100 comprim\u00e9s","author":"admin","date":"8 July 2022","format":false,"excerpt":"Le calcium de Longrich est compos\u00e9 de calcium, et de zinc, de fer et de magn\u00e9sium, trois \u00e9l\u00e9ments indispensables dans le m\u00e9tabolisme organique. Cet aliment peut compl\u00e9ter le manque de calcium dans votre corps.","rel":"","context":"Similar post","block_context":{"text":"Similar post","link":""},"img":{"alt_text":"","src":"https:\/\/i0.wp.com\/dropshipabidjan.com\/wp-content\/uploads\/2022\/07\/calcium-complexe-calcium-zinc-fer-300x300-1.jpg?fit=600%2C600&ssl=1&resize=350%2C200","width":350,"height":200},"classes":[]}],"_links":{"self":[{"href":"https:\/\/dropshipabidjan.com\/index.php\/wp-json\/wp\/v2\/product\/60"}],"collection":[{"href":"https:\/\/dropshipabidjan.com\/index.php\/wp-json\/wp\/v2\/product"}],"about":[{"href":"https:\/\/dropshipabidjan.com\/index.php\/wp-json\/wp\/v2\/types\/product"}],"replies":[{"embeddable":true,"href":"https:\/\/dropshipabidjan.com\/index.php\/wp-json\/wp\/v2\/comments?post=60"}],"wp:featuredmedia":[{"embeddable":true,"href":"https:\/\/dropshipabidjan.com\/index.php\/wp-json\/wp\/v2\/media\/61"}],"wp:attachment":[{"href":"https:\/\/dropshipabidjan.com\/index.php\/wp-json\/wp\/v2\/media?parent=60"}],"wp:term":[{"taxonomy":"product_cat","embeddable":true,"href":"https:\/\/dropshipabidjan.com\/index.php\/wp-json\/wp\/v2\/product_cat?post=60"},{"taxonomy":"product_tag","embeddable":true,"href":"https:\/\/dropshipabidjan.com\/index.php\/wp-json\/wp\/v2\/product_tag?post=60"}],"curies":[{"name":"wp","href":"https:\/\/api.w.org\/{rel}","templated":true}]}}